{"id":197,"date":"2022-06-02T00:30:06","date_gmt":"2022-06-02T00:30:06","guid":{"rendered":"https:\/\/mrsgrain.com\/?page_id=197"},"modified":"2022-06-03T13:07:32","modified_gmt":"2022-06-03T13:07:32","slug":"nosotros-2","status":"publish","type":"page","link":"https:\/\/mrsgrain.com\/index.php\/nosotros-2\/","title":{"rendered":"Nosotros"},"content":{"rendered":"<p>[et_pb_section fb_built=\u00bb1&#8243; _builder_version=\u00bb4.5.2&#8243; _module_preset=\u00bbdefault\u00bb background_color=\u00bb#e09900&#8243; hover_enabled=\u00bb0&#8243;][et_pb_row _builder_version=\u00bb4.5.2&#8243; _module_preset=\u00bbdefault\u00bb][et_pb_column type=\u00bb4_4&#8243; _builder_version=\u00bb4.5.2&#8243; _module_preset=\u00bbdefault\u00bb][et_pb_text _builder_version=\u00bb4.5.2&#8243; _module_preset=\u00bbdefault\u00bb text_font=\u00bbTeko||||||||\u00bb text_text_color=\u00bb#000000&#8243; header_text_color=\u00bb#000000&#8243; hover_enabled=\u00bb0&#8243;]<\/p>\n<h1>NOSOTROS<\/h1>\n<p>[\/et_pb_text][et_pb_text _builder_version=\u00bb4.5.2&#8243; _module_preset=\u00bbdefault\u00bb text_font=\u00bbTeko||||||||\u00bb text_font_size=\u00bb16px\u00bb hover_enabled=\u00bb0&#8243;]<\/p>\n<h2 style=\"text-align: justify;\">Somos Mrs Grain Farm &amp; Foods INC, empresa registrada en Estados Unidos, cuya finalidad principal es la importaci\u00f3n \u00a0y distribuci\u00f3n de productos agr\u00edcolas y alimenticios, introduciendo de esta forma en suelo anglosaj\u00f3n los sabores y la calidad de varios rubros producidos en Latinoam\u00e9rica.<\/h2>\n<h2>Como primer producto que lleva nuestra marca Mrs Grain, hemos desarrollado un caf\u00e9 especial calidad Premium de origen netamente colombiano.<\/h2>\n<h2>A trav\u00e9s de las diferentes plataformas de comercio electr\u00f3nico ponemos a la venta este maravilloso producto, con la calidad y el sabor que solo los caf\u00e9s especiales de las tierras altas de Colombia pueden desarrollar.<\/h2>\n<p>[\/et_pb_text][\/et_pb_column][\/et_pb_row][\/et_pb_section][et_pb_section fb_built=\u00bb1&#8243; prev_background_color=\u00bb#e09900&#8243; _builder_version=\u00bb4.5.2&#8243; _module_preset=\u00bbdefault\u00bb background_color=\u00bb#140400&#8243; top_divider_style=\u00bbmountains2&#8243;][et_pb_row column_structure=\u00bb1_3,1_3,1_3&#8243; _builder_version=\u00bb4.5.2&#8243; _module_preset=\u00bbdefault\u00bb][et_pb_column type=\u00bb1_3&#8243; _builder_version=\u00bb4.5.2&#8243; _module_preset=\u00bbdefault\u00bb][\/et_pb_column][et_pb_column type=\u00bb1_3&#8243; _builder_version=\u00bb4.5.2&#8243; _module_preset=\u00bbdefault\u00bb][et_pb_image src=\u00bbhttps:\/\/mrsgrain.com\/wp-content\/uploads\/2022\/06\/Logo-Cafe.png\u00bb title_text=\u00bbLogo Cafe\u00bb _builder_version=\u00bb4.5.2&#8243; _module_preset=\u00bbdefault\u00bb][\/et_pb_image][\/et_pb_column][et_pb_column type=\u00bb1_3&#8243; _builder_version=\u00bb4.5.2&#8243; _module_preset=\u00bbdefault\u00bb][\/et_pb_column][\/et_pb_row][\/et_pb_section]<\/p>\n","protected":false},"excerpt":{"rendered":"<p>NOSOTROSSomos Mrs Grain Farm &amp; Foods INC, empresa registrada en Estados Unidos, cuya finalidad principal es la importaci\u00f3n \u00a0y distribuci\u00f3n de productos agr\u00edcolas y alimenticios, introduciendo de esta forma en suelo anglosaj\u00f3n los sabores y la calidad de varios rubros producidos en Latinoam\u00e9rica. Como primer producto que lleva nuestra marca Mrs Grain, hemos desarrollado un [&hellip;]<\/p>\n","protected":false},"author":1,"featured_media":0,"parent":0,"menu_order":0,"comment_status":"closed","ping_status":"closed","template":"","meta":{"_et_pb_use_builder":"on","_et_pb_old_content":"","_et_gb_content_width":""},"_links":{"self":[{"href":"https:\/\/mrsgrain.com\/index.php\/wp-json\/wp\/v2\/pages\/197"}],"collection":[{"href":"https:\/\/mrsgrain.com\/index.php\/wp-json\/wp\/v2\/pages"}],"about":[{"href":"https:\/\/mrsgrain.com\/index.php\/wp-json\/wp\/v2\/types\/page"}],"author":[{"embeddable":true,"href":"https:\/\/mrsgrain.com\/index.php\/wp-json\/wp\/v2\/users\/1"}],"replies":[{"embeddable":true,"href":"https:\/\/mrsgrain.com\/index.php\/wp-json\/wp\/v2\/comments?post=197"}],"version-history":[{"count":5,"href":"https:\/\/mrsgrain.com\/index.php\/wp-json\/wp\/v2\/pages\/197\/revisions"}],"predecessor-version":[{"id":325,"href":"https:\/\/mrsgrain.com\/index.php\/wp-json\/wp\/v2\/pages\/197\/revisions\/325"}],"wp:attachment":[{"href":"https:\/\/mrsgrain.com\/index.php\/wp-json\/wp\/v2\/media?parent=197"}],"curies":[{"name":"wp","href":"https:\/\/api.w.org\/{rel}","templated":true}]}}